{"id":28,"date":"2021-01-19T22:44:32","date_gmt":"2021-01-19T22:44:32","guid":{"rendered":"https:\/\/hst-schlauchtechnik.com\/?page_id=28"},"modified":"2026-01-28T15:05:05","modified_gmt":"2026-01-28T15:05:05","slug":"sonderfertigungen","status":"publish","type":"page","link":"https:\/\/hst-schlauchtechnik.com\/en\/sonderfertigungen\/","title":{"rendered":"Sonderfertigungen"},"content":{"rendered":"\n<p><strong>Profitieren Sie von unserer Erfahrung<br><\/strong>Nicht allein die gro\u00dfe Auswahl an Schl\u00e4uchen und Armaturen charakterisiert Hanseat Schlauchtechnik. Auch spezielle Kundenw\u00fcnsche werden ebenso ber\u00fccksichtigt und in die Tat umgesetzt.<\/p>\n\n\n\n<p>So ist es beispielsweise m\u00f6glich Rollenware in s\u00e4mtlichen Abmessungen personalisiert mit einem eigenen Label bedrucken zu lassen. V\u00f6llig losgel\u00f6st davon, um was f\u00fcr ein Schlauch es sich handelt oder welches Material es ist. Ob Firmenlogo, Schriftzug oder Symbole, der Bedruckung eines Schlauches sind kaum Grenzen gesetzt.<\/p>\n\n\n\n<p>Ebenso Problemlos ist die Beschaffung und Lieferung von Schlauchgr\u00f6\u00dfen und Armaturen abseits des Standards. Nennweiten von 150-200 mm aufw\u00e4rts sind auf Wunsch lieferbar.<\/p>\n\n\n\n<p>Durch die langj\u00e4hrige Erfahrung und das Know-how unserer Mitarbeiter lassen sich auch diverse Armaturen genauestens auf Ihre W\u00fcnsche und Anforderungen anpassen.<\/p>\n\n\n\n<p>Unter anderem stellen wir im Bereich der Betonpumpenschl\u00e4uche verpresste L\u00e4ngen samt Knickschutzspirale her, welche von unserem Fachpersonal mit der Schlaucharmatur verbunden wird. Dies verhindert ein einknicken des Schlauchendes.<\/p>\n\n\n\n<p>Ebenso ist es m\u00f6glich andere, auf Ihre Bed\u00fcrfnisse zugeschnittene Ver\u00e4nderungen, an der eigentlichen Armatur vorzunehmen, wie z.B. das Anbringen von Anschwei\u00df\u00f6sen, um den Schlauch aufzuh\u00e4ngen oder besser transportieren zu k\u00f6nnen.<\/p>\n\n\n\n<div style=\"height:100px\" aria-hidden=\"true\" class=\"wp-block-spacer\"><\/div>\n\n\n\n<div class=\"wp-block-media-text is-stacked-on-mobile\"><figure class=\"wp-block-media-text__media\"><img loading=\"lazy\" decoding=\"async\" width=\"1024\" height=\"768\" src=\"https:\/\/hst-schlauchtechnik.com\/wp-content\/uploads\/2026\/01\/WASSER_CHEMIE_KRAFTSTOFF_ABRASION_Expert_0457-1024x768.jpg\" alt=\"\" class=\"wp-image-2696 size-full\" srcset=\"https:\/\/hst-schlauchtechnik.com\/wp-content\/uploads\/2026\/01\/WASSER_CHEMIE_KRAFTSTOFF_ABRASION_Expert_0457-1024x768.jpg 1024w, https:\/\/hst-schlauchtechnik.com\/wp-content\/uploads\/2026\/01\/WASSER_CHEMIE_KRAFTSTOFF_ABRASION_Expert_0457-300x225.jpg 300w, https:\/\/hst-schlauchtechnik.com\/wp-content\/uploads\/2026\/01\/WASSER_CHEMIE_KRAFTSTOFF_ABRASION_Expert_0457-768x576.jpg 768w, https:\/\/hst-schlauchtechnik.com\/wp-content\/uploads\/2026\/01\/WASSER_CHEMIE_KRAFTSTOFF_ABRASION_Expert_0457.jpg 1200w\" sizes=\"auto, (max-width: 1024px) 100vw, 1024px\" \/><\/figure><div class=\"wp-block-media-text__content\">\n<p>Robuster Industrie-Gummischlauch mit Flansch, geeignet f\u00fcr abrasive Medien und hohe Belastungen.<\/p>\n\n\n\n<p>Lieferbar mit beidseitig rinvulkanisierten Los- oder Festflanschen, gebohrt nach EN 1092-1 oder ANSI, verzinkt<\/p>\n<\/div><\/div>\n\n\n\n<div style=\"height:100px\" aria-hidden=\"true\" class=\"wp-block-spacer\"><\/div>\n\n\n\n<div class=\"wp-block-media-text has-media-on-the-right is-stacked-on-mobile\"><div class=\"wp-block-media-text__content\">\n<p>Gebogener 90\u00b0 Gummiflanschschlauch zur schwingungs- und spannungsfreien Verbindung.<\/p>\n\n\n\n<p>Lieferbar mit beidseitig eivulkanisierten Los- oder Festflanschen, gebohrt nach EN 1092-1 oder ANSI, verzinkt<\/p>\n<\/div><figure class=\"wp-block-media-text__media\"><img loading=\"lazy\" decoding=\"async\" width=\"1024\" height=\"768\" src=\"https:\/\/hst-schlauchtechnik.com\/wp-content\/uploads\/2026\/01\/02-GUR-BG_23.09.13_138-1024x768.jpg\" alt=\"\" class=\"wp-image-2697 size-full\" srcset=\"https:\/\/hst-schlauchtechnik.com\/wp-content\/uploads\/2026\/01\/02-GUR-BG_23.09.13_138-1024x768.jpg 1024w, https:\/\/hst-schlauchtechnik.com\/wp-content\/uploads\/2026\/01\/02-GUR-BG_23.09.13_138-300x225.jpg 300w, https:\/\/hst-schlauchtechnik.com\/wp-content\/uploads\/2026\/01\/02-GUR-BG_23.09.13_138-768x576.jpg 768w, https:\/\/hst-schlauchtechnik.com\/wp-content\/uploads\/2026\/01\/02-GUR-BG_23.09.13_138.jpg 1200w\" sizes=\"auto, (max-width: 1024px) 100vw, 1024px\" \/><\/figure><\/div>\n\n\n\n<div style=\"height:100px\" aria-hidden=\"true\" class=\"wp-block-spacer\"><\/div>\n\n\n\n<div class=\"wp-block-media-text is-stacked-on-mobile\"><figure class=\"wp-block-media-text__media\"><img loading=\"lazy\" decoding=\"async\" width=\"1024\" height=\"768\" src=\"https:\/\/hst-schlauchtechnik.com\/wp-content\/uploads\/2026\/01\/070-1024x768.jpg\" alt=\"\" class=\"wp-image-2718 size-full\" srcset=\"https:\/\/hst-schlauchtechnik.com\/wp-content\/uploads\/2026\/01\/070-1024x768.jpg 1024w, https:\/\/hst-schlauchtechnik.com\/wp-content\/uploads\/2026\/01\/070-300x225.jpg 300w, https:\/\/hst-schlauchtechnik.com\/wp-content\/uploads\/2026\/01\/070-768x576.jpg 768w, https:\/\/hst-schlauchtechnik.com\/wp-content\/uploads\/2026\/01\/070.jpg 1200w\" sizes=\"auto, (max-width: 1024px) 100vw, 1024px\" \/><\/figure><div class=\"wp-block-media-text__content\">\n<p>Individuelle Gummi-Formteile wie T-St\u00fccke oder Y-Verteiler mit beidseitig einvulkanisierten Los- oder Festflanschen, gebohrt nach EN 1092-1 oder ANSI f\u00fcr Anlagen- und Verfahrenstechnik. Flanschschlauch f\u00fcr flexible Industrie-Rohrleitungssysteme zur Entkopplung von Vibrationen.<\/p>\n<\/div><\/div>\n\n\n\n<div style=\"height:100px\" aria-hidden=\"true\" class=\"wp-block-spacer\"><\/div>\n\n\n\n<div class=\"wp-block-media-text has-media-on-the-right is-stacked-on-mobile\"><div class=\"wp-block-media-text__content\">\n<p>Robuster, hochflexibler Saugschlauch (mikorbenfest) f\u00fcr Kehrmaschinen und Reinigungsfahrzeuge, Saugbaggerschlauch Gummi, auch in PUR erh\u00e4ltlich<\/p>\n<\/div><figure class=\"wp-block-media-text__media\"><img loading=\"lazy\" decoding=\"async\" width=\"1024\" height=\"768\" src=\"https:\/\/hst-schlauchtechnik.com\/wp-content\/uploads\/2026\/01\/KEHR_Expert_5497-1024x768.jpeg\" alt=\"\" class=\"wp-image-2698 size-full\" srcset=\"https:\/\/hst-schlauchtechnik.com\/wp-content\/uploads\/2026\/01\/KEHR_Expert_5497-1024x768.jpeg 1024w, https:\/\/hst-schlauchtechnik.com\/wp-content\/uploads\/2026\/01\/KEHR_Expert_5497-300x225.jpeg 300w, https:\/\/hst-schlauchtechnik.com\/wp-content\/uploads\/2026\/01\/KEHR_Expert_5497-768x576.jpeg 768w, https:\/\/hst-schlauchtechnik.com\/wp-content\/uploads\/2026\/01\/KEHR_Expert_5497.jpeg 1200w\" sizes=\"auto, (max-width: 1024px) 100vw, 1024px\" \/><\/figure><\/div>\n\n\n\n<div style=\"height:100px\" aria-hidden=\"true\" class=\"wp-block-spacer\"><\/div>\n\n\n\n<div class=\"wp-block-media-text is-stacked-on-mobile\"><figure class=\"wp-block-media-text__media\"><img loading=\"lazy\" decoding=\"async\" width=\"1024\" height=\"768\" src=\"https:\/\/hst-schlauchtechnik.com\/wp-content\/uploads\/2026\/01\/SCHWIMM_Expert-1024x768.jpg\" alt=\"\" class=\"wp-image-2719 size-full\" srcset=\"https:\/\/hst-schlauchtechnik.com\/wp-content\/uploads\/2026\/01\/SCHWIMM_Expert-1024x768.jpg 1024w, https:\/\/hst-schlauchtechnik.com\/wp-content\/uploads\/2026\/01\/SCHWIMM_Expert-300x225.jpg 300w, https:\/\/hst-schlauchtechnik.com\/wp-content\/uploads\/2026\/01\/SCHWIMM_Expert-768x576.jpg 768w, https:\/\/hst-schlauchtechnik.com\/wp-content\/uploads\/2026\/01\/SCHWIMM_Expert.jpg 1200w\" sizes=\"auto, (max-width: 1024px) 100vw, 1024px\" \/><\/figure><div class=\"wp-block-media-text__content\">\n<p>Flexible Schwimmleitung f\u00fcr Wasser-, Sand- und Schlammf\u00f6rderung.<\/p>\n\n\n\n<p>F\u00fcr den Einsatz an schwimmenden oder fest verlegten Rohrleitungen. Zur F\u00f6rderung grobk\u00f6rniger Materialien bei hoher Vakuumbeanspruchung.<\/p>\n<\/div><\/div>\n\n\n\n<div style=\"height:100px\" aria-hidden=\"true\" class=\"wp-block-spacer\"><\/div>\n\n\n\n<h4 class=\"wp-block-heading has-text-align-center\">Sie haben Fragen?<\/h4>\n\n\n\n<p class=\"has-text-align-center\">Ihre Probleme sind unser Antrieb &#8211; sprechen Sie uns einfach an!<br><strong>Tel.: +49 (0) 4193 \u2013 883 31-0<\/strong> | <strong><a href=\"https:\/\/hst-schlauchtechnik.com\/kontakt\/\" target=\"_blank\" rel=\"noreferrer noopener\">Kontakt<\/a><\/strong><\/p>\n","protected":false},"excerpt":{"rendered":"<p>Profitieren Sie von unserer ErfahrungNicht allein die gro\u00dfe Auswahl an Schl\u00e4uchen und Armaturen charakterisiert Hanseat Schlauchtechnik. Auch spezielle Kundenw\u00fcnsche werden ebenso ber\u00fccksichtigt und in die Tat umgesetzt. So ist es beispielsweise m\u00f6glich Rollenware in s\u00e4mtlichen Abmessungen personalisiert mit einem eigenen Label bedrucken zu lassen. V\u00f6llig losgel\u00f6st davon, um was f\u00fcr [&hellip;]<\/p>\n","protected":false},"author":2,"featured_media":1385,"parent":0,"menu_order":0,"comment_status":"closed","ping_status":"closed","template":"","meta":{"footnotes":""},"class_list":["post-28","page","type-page","status-publish","has-post-thumbnail","hentry"],"_links":{"self":[{"href":"https:\/\/hst-schlauchtechnik.com\/en\/wp-json\/wp\/v2\/pages\/28","targetHints":{"allow":["GET"]}}],"collection":[{"href":"https:\/\/hst-schlauchtechnik.com\/en\/wp-json\/wp\/v2\/pages"}],"about":[{"href":"https:\/\/hst-schlauchtechnik.com\/en\/wp-json\/wp\/v2\/types\/page"}],"author":[{"embeddable":true,"href":"https:\/\/hst-schlauchtechnik.com\/en\/wp-json\/wp\/v2\/users\/2"}],"replies":[{"embeddable":true,"href":"https:\/\/hst-schlauchtechnik.com\/en\/wp-json\/wp\/v2\/comments?post=28"}],"version-history":[{"count":31,"href":"https:\/\/hst-schlauchtechnik.com\/en\/wp-json\/wp\/v2\/pages\/28\/revisions"}],"predecessor-version":[{"id":2752,"href":"https:\/\/hst-schlauchtechnik.com\/en\/wp-json\/wp\/v2\/pages\/28\/revisions\/2752"}],"wp:featuredmedia":[{"embeddable":true,"href":"https:\/\/hst-schlauchtechnik.com\/en\/wp-json\/wp\/v2\/media\/1385"}],"wp:attachment":[{"href":"https:\/\/hst-schlauchtechnik.com\/en\/wp-json\/wp\/v2\/media?parent=28"}],"curies":[{"name":"wp","href":"https:\/\/api.w.org\/{rel}","templated":true}]}}